{"id":1236,"date":"2025-05-05T14:51:10","date_gmt":"2025-05-05T14:51:10","guid":{"rendered":"https:\/\/arrotconce.com\/?page_id=1236"},"modified":"2025-05-05T14:51:10","modified_gmt":"2025-05-05T14:51:10","slug":"cookie","status":"publish","type":"page","link":"https:\/\/arrotconce.com\/?page_id=1236","title":{"rendered":"Cookie"},"content":{"rendered":"<p>Ez az oldal s\u00fctiket haszn\u00e1l a felhaszn\u00e1l\u00f3i \u00e9lm\u00e9ny jav\u00edt\u00e1sa \u00e9rdek\u00e9ben. Az oldal haszn\u00e1lat\u00e1val \u00d6n hozz\u00e1j\u00e1rul a s\u00fctik haszn\u00e1lat\u00e1hoz.<\/p>\n<p>\n            Mik azok a s\u00fctik? A cookie-k olyan kis sz\u00f6veges f\u00e1jlok, amelyeket az \u00d6n sz\u00e1m\u00edt\u00f3g\u00e9p\u00e9n t\u00e1rolnak, \u00e9s amelyek lehet\u0151v\u00e9 teszik a honlap sz\u00e1m\u00e1ra, hogy nyomon k\u00f6vess\u00e9k \u00e9s t\u00e1rolj\u00e1k az \u00d6n \u00e9s a webhely k\u00f6z\u00f6tti interakci\u00f3kra vonatkoz\u00f3 inform\u00e1ci\u00f3kat. Ezek a f\u00e1jlok seg\u00edtenek nek\u00fcnk elemezni, hogyan haszn\u00e1lja a honlapunkat, \u00e9s lehet\u0151v\u00e9 teszik sz\u00e1munkra, hogy jobb \u00e9s relev\u00e1nsabb tartalmat ny\u00fajtsunk \u00d6nnek.\n        <\/p>\n<p>\n            Milyen s\u00fctiket haszn\u00e1lunk? A k\u00f6vetkez\u0151 t\u00edpus\u00fa cookie-kat haszn\u00e1ljuk a honlapunkon:<\/p>\n<p>            &#8211; Alapvet\u0151 s\u00fctik: ezek a s\u00fctik sz\u00fcks\u00e9gesek a weboldalunk m\u0171k\u00f6d\u00e9s\u00e9hez, \u00e9s lehet\u0151v\u00e9 teszik az olyan alapvet\u0151 funkci\u00f3k haszn\u00e1lat\u00e1t, mint a bejelentkez\u00e9s vagy a v\u00e1s\u00e1rl\u00e1s.<\/p>\n<p>            &#8211; Analitikai s\u00fctik: ezek a s\u00fctik seg\u00edtenek nyomon k\u00f6vetni, hogyan haszn\u00e1lja a honlapunkat, hogy jav\u00edthassuk annak teljes\u00edtm\u00e9ny\u00e9t \u00e9s tartalm\u00e1t.<\/p>\n<p>            &#8211; Rekl\u00e1ms\u00fctik: ezek a s\u00fctik lehet\u0151v\u00e9 teszik sz\u00e1munkra, hogy relev\u00e1ns hirdet\u00e9seket ny\u00fajtsunk \u00d6nnek a honlapunkon tan\u00fas\u00edtott viselked\u00e9se alapj\u00e1n.\n        <\/p>\n<p>Hogyan kezelheti a cookie-kat? Ezen a honlapon enged\u00e9lyezheti vagy letilthatja a s\u00fctiket. Felh\u00edvjuk azonban figyelm\u00e9t, hogy a cookie-k bizonyos t\u00edpusainak letilt\u00e1sa befoly\u00e1solhatja a webhely m\u0171k\u00f6d\u00e9s\u00e9t.<\/p>\n<p>\n            Az al\u00e1bbi &#8222;Elfogadom&#8221; gombra kattintva \u00d6n elfogadja a cookie-k minden t\u00edpus\u00e1nak haszn\u00e1lat\u00e1t ezen az oldalon. Ha nem k\u00edv\u00e1nja enged\u00e9lyezni a s\u00fctik haszn\u00e1lat\u00e1t, akkor a &#8222;Nem fogadom el&#8221; gombra kattintva tov\u00e1bbra is haszn\u00e1lhatja az oldalt, azonban egyes funkci\u00f3k korl\u00e1tozva lehetnek.\n        <\/p>\n<p>Adatv\u00e9delmi szab\u00e1lyzatunkr\u00f3l \u00e9s a cookie-kr\u00f3l tov\u00e1bbi inform\u00e1ci\u00f3kat az Adatv\u00e9delmi t\u00e1j\u00e9koztat\u00f3 oldalunkon tal\u00e1l.<\/p>\n<p>K\u00f6sz\u00f6nj\u00fck bizalm\u00e1t \u00e9s honlapunk haszn\u00e1lat\u00e1t.<\/p>\n","protected":false},"excerpt":{"rendered":"<p>Ez az oldal s\u00fctiket haszn\u00e1l a felhaszn\u00e1l\u00f3i \u00e9lm\u00e9ny jav\u00edt\u00e1sa \u00e9rdek\u00e9ben. Az oldal haszn\u00e1lat\u00e1val \u00d6n hozz\u00e1j\u00e1rul a s\u00fctik haszn\u00e1lat\u00e1hoz. Mik azok a s\u00fctik? A cookie-k olyan kis sz\u00f6veges f\u00e1jlok, amelyeket az&hellip;<\/p>\n","protected":false},"author":1,"featured_media":0,"parent":0,"menu_order":0,"comment_status":"closed","ping_status":"closed","template":"","meta":{"footnotes":""},"class_list":["post-1236","page","type-page","status-publish","hentry"],"_links":{"self":[{"href":"https:\/\/arrotconce.com\/index.php?rest_route=\/wp\/v2\/pages\/1236","targetHints":{"allow":["GET"]}}],"collection":[{"href":"https:\/\/arrotconce.com\/index.php?rest_route=\/wp\/v2\/pages"}],"about":[{"href":"https:\/\/arrotconce.com\/index.php?rest_route=\/wp\/v2\/types\/page"}],"author":[{"embeddable":true,"href":"https:\/\/arrotconce.com\/index.php?rest_route=\/wp\/v2\/users\/1"}],"replies":[{"embeddable":true,"href":"https:\/\/arrotconce.com\/index.php?rest_route=%2Fwp%2Fv2%2Fcomments&post=1236"}],"version-history":[{"count":1,"href":"https:\/\/arrotconce.com\/index.php?rest_route=\/wp\/v2\/pages\/1236\/revisions"}],"predecessor-version":[{"id":1237,"href":"https:\/\/arrotconce.com\/index.php?rest_route=\/wp\/v2\/pages\/1236\/revisions\/1237"}],"wp:attachment":[{"href":"https:\/\/arrotconce.com\/index.php?rest_route=%2Fwp%2Fv2%2Fmedia&parent=1236"}],"curies":[{"name":"wp","href":"https:\/\/api.w.org\/{rel}","templated":true}]}}